{"id":155,"date":"2025-09-08T19:22:33","date_gmt":"2025-09-08T17:22:33","guid":{"rendered":"https:\/\/blooming.jessicaprautzsch.com\/en\/breathwork-wechseljahre\/"},"modified":"2025-09-08T19:27:03","modified_gmt":"2025-09-08T17:27:03","slug":"breathwork-lisbon","status":"publish","type":"page","link":"https:\/\/blooming.jessicaprautzsch.com\/en\/breathwork-lisbon\/","title":{"rendered":"Breathwork Lisbon"},"content":{"rendered":"\t\t<div data-elementor-type=\"wp-page\" data-elementor-id=\"155\" class=\"elementor elementor-155\" data-elementor-post-type=\"page\">\n\t\t\t\t<div class=\"elementor-element elementor-element-4fe6bbba e-flex e-con-boxed e-con e-parent\" data-id=\"4fe6bbba\" data-element_type=\"container\" data-settings=\"{&quot;background_background&quot;:&quot;classic&quot;,&quot;background_motion_fx_motion_fx_scrolling&quot;:&quot;yes&quot;,&quot;background_motion_fx_translateY_effect&quot;:&quot;yes&quot;,&quot;background_motion_fx_translateY_speed&quot;:{&quot;unit&quot;:&quot;px&quot;,&quot;size&quot;:2,&quot;sizes&quot;:[]},&quot;motion_fx_motion_fx_scrolling&quot;:&quot;yes&quot;,&quot;background_motion_fx_translateY_affectedRange&quot;:{&quot;unit&quot;:&quot;%&quot;,&quot;size&quot;:&quot;&quot;,&quot;sizes&quot;:{&quot;start&quot;:0,&quot;end&quot;:100}},&quot;background_motion_fx_devices&quot;:[&quot;widescreen&quot;,&quot;desktop&quot;,&quot;laptop&quot;,&quot;tablet_extra&quot;,&quot;tablet&quot;,&quot;mobile_extra&quot;,&quot;mobile&quot;],&quot;motion_fx_devices&quot;:[&quot;widescreen&quot;,&quot;desktop&quot;,&quot;laptop&quot;,&quot;tablet_extra&quot;,&quot;tablet&quot;,&quot;mobile_extra&quot;,&quot;mobile&quot;]}\">\n\t\t\t\t\t<div class=\"e-con-inner\">\n\t\t\t\t\t<\/div>\n\t\t\t\t<\/div>\n\t\t<div class=\"elementor-element elementor-element-7363ec5c e-flex e-con-boxed e-con e-parent\" data-id=\"7363ec5c\" data-element_type=\"container\">\n\t\t\t\t\t<div class=\"e-con-inner\">\n\t\t<div class=\"elementor-element elementor-element-617e5773 e-con-full e-flex e-con e-child\" data-id=\"617e5773\" data-element_type=\"container\">\n\t\t\t\t<div class=\"elementor-element elementor-element-1ed53a39 elementor-invisible elementor-widget elementor-widget-heading\" data-id=\"1ed53a39\" data-element_type=\"widget\" data-settings=\"{&quot;_animation&quot;:&quot;fadeInLeft&quot;,&quot;_animation_mobile&quot;:&quot;fadeInDown&quot;}\" data-widget_type=\"heading.default\">\n\t\t\t\t\t<h1 class=\"elementor-heading-title elementor-size-default\">Blooming Souls<\/h1>\t\t\t\t<\/div>\n\t\t\t\t<div class=\"elementor-element elementor-element-30c0ab14 elementor-invisible elementor-widget elementor-widget-heading\" data-id=\"30c0ab14\" data-element_type=\"widget\" data-settings=\"{&quot;_animation&quot;:&quot;fadeInLeft&quot;,&quot;_animation_mobile&quot;:&quot;fadeInDown&quot;}\" data-widget_type=\"heading.default\">\n\t\t\t\t\t<h1 class=\"elementor-heading-title elementor-size-default\">Dein Raum f\u00fcr Wandel in den Wechseljahren<\/h1>\t\t\t\t<\/div>\n\t\t<div class=\"elementor-element elementor-element-641e8a18 e-con-full e-flex e-con e-child\" data-id=\"641e8a18\" data-element_type=\"container\">\n\t\t\t\t<div class=\"elementor-element elementor-element-5dc6de06 elementor-widget elementor-widget-text-editor\" data-id=\"5dc6de06\" data-element_type=\"widget\" data-widget_type=\"text-editor.default\">\n\t\t\t\t\t\t\t\t\t<p>Was, wenn die Wechseljahre keine Krise sind \u2013 sondern eine Einladung zur Neuausrichtung?<\/p>\t\t\t\t\t\t\t\t<\/div>\n\t\t\t\t<div class=\"elementor-element elementor-element-3efc402e elementor-widget elementor-widget-text-editor\" data-id=\"3efc402e\" data-element_type=\"widget\" data-widget_type=\"text-editor.default\">\n\t\t\t\t\t\t\t\t\t<p>Ein Ort f\u00fcr Frauen, die sp\u00fcren: Es will sich etwas ver\u00e4ndern.\u2028Heilung in den Wechseljahren braucht Verbindung: mit dir selbst, deinem Atem, deinem K\u00f6rper. Gerade jetzt ist es so wichtig, dich nicht allein zu f\u00fchlen \u2013 sondern dich getragen zu wissen. Together we grow.<\/p>\t\t\t\t\t\t\t\t<\/div>\n\t\t\t\t<\/div>\n\t\t\t\t<\/div>\n\t\t\t\t\t<\/div>\n\t\t\t\t<\/div>\n\t\t<div class=\"elementor-element elementor-element-12fd2974 e-flex e-con-boxed e-con e-parent\" data-id=\"12fd2974\" data-element_type=\"container\" data-settings=\"{&quot;background_background&quot;:&quot;classic&quot;}\">\n\t\t\t\t\t<div class=\"e-con-inner\">\n\t\t<div class=\"elementor-element elementor-element-5a0831ea e-grid e-con-boxed e-con e-child\" data-id=\"5a0831ea\" data-element_type=\"container\">\n\t\t\t\t\t<div class=\"e-con-inner\">\n\t\t<div class=\"elementor-element elementor-element-1c9e0e37 e-con-full animated-fast e-flex elementor-invisible e-con e-child\" data-id=\"1c9e0e37\" data-element_type=\"container\" data-settings=\"{&quot;animation&quot;:&quot;fadeIn&quot;,&quot;animation_delay&quot;:500}\">\n\t\t\t\t<div class=\"elementor-element elementor-element-18302226 elementor-widget elementor-widget-image\" data-id=\"18302226\" data-element_type=\"widget\" data-widget_type=\"image.default\">\n\t\t\t\t\t\t\t\t\t\t\t\t\t\t\t<img decoding=\"async\" src=\"https:\/\/blooming.jessicaprautzsch.com\/en\/wp-content\/uploads\/sites\/2\/elementor\/thumbs\/KBM-Workation25-085_websize-rbgq78ydwmml902mvirz3q7tozncxdzgdl4gq7pvgc.jpg\" title=\"KBM-Workation25-085_websize.jpg\" alt=\"KBM-Workation25-085_websize.jpg\" loading=\"lazy\" \/>\t\t\t\t\t\t\t\t\t\t\t\t\t\t\t<\/div>\n\t\t\t\t<\/div>\n\t\t<div class=\"elementor-element elementor-element-1725de5 e-con-full animated-fast e-flex elementor-invisible e-con e-child\" data-id=\"1725de5\" data-element_type=\"container\" data-settings=\"{&quot;animation&quot;:&quot;fadeIn&quot;,&quot;animation_delay&quot;:750}\">\n\t\t\t\t<div class=\"elementor-element elementor-element-1731877c elementor-widget elementor-widget-heading\" data-id=\"1731877c\" data-element_type=\"widget\" data-widget_type=\"heading.default\">\n\t\t\t\t\t<h3 class=\"elementor-heading-title elementor-size-default\">Einzel-Sessions <\/h3>\t\t\t\t<\/div>\n\t\t\t\t<div class=\"elementor-element elementor-element-1dd44e63 elementor-widget elementor-widget-heading\" data-id=\"1dd44e63\" data-element_type=\"widget\" data-widget_type=\"heading.default\">\n\t\t\t\t\t<h2 class=\"elementor-heading-title elementor-size-default\">Breath &amp; Balance  \u2013 Ankommen im K\u00f6rper<\/h2>\t\t\t\t<\/div>\n\t\t\t\t<div class=\"elementor-element elementor-element-3ee1ebb5 elementor-widget elementor-widget-text-editor\" data-id=\"3ee1ebb5\" data-element_type=\"widget\" data-widget_type=\"text-editor.default\">\n\t\t\t\t\t\t\t\t\t<p class=\"p1\"><span class=\"s1\"><b>Ablauf:<\/b> Ankommen &amp; Check-in \u00b7 Gef\u00fchrte Atemreise (45 Min.) \u00b7 Integration (2\u20133 Alltaganker) \u00b7 kurzes Q&amp;A<br \/><b><\/b><\/span><\/p><p class=\"p1\"><span class=\"s1\"><b>Erlebt von vielen:<\/b> <b>Mehr Ruhe, sp\u00fcrbar mehr Energie, weniger innerer Druck, klarerer Kopf.<\/b><br \/><b><\/b><\/span><\/p><p class=\"p1\"><span class=\"s1\"><b>Rahmen:<\/b> Online 60 Min. <\/span><\/p><p class=\"p1\"><span class=\"s1\">\u00b7 keine Vorerfahrung n\u00f6tig \u00b7 <i>anrechenbar aufs Programm<\/i><\/span><\/p>\t\t\t\t\t\t\t\t<\/div>\n\t\t<div class=\"elementor-element elementor-element-6298c847 e-con-full e-flex e-con e-child\" data-id=\"6298c847\" data-element_type=\"container\">\n\t\t\t\t<div class=\"elementor-element elementor-element-46ad69d8 elementor-align-center elementor-mobile-align-center elementor-widget__width-auto elementor-widget-mobile__width-inherit elementor-widget elementor-widget-button\" data-id=\"46ad69d8\" data-element_type=\"widget\" data-widget_type=\"button.default\">\n\t\t\t\t\t\t\t\t\t\t<a class=\"elementor-button elementor-button-link elementor-size-sm\" href=\"https:\/\/blooming.jessicaprautzsch.com\/fuer-privatpersonen\/breathwork-wechseljahre\/breath-balance\/\">\n\t\t\t\t\t\t<span class=\"elementor-button-content-wrapper\">\n\t\t\t\t\t\t\t\t\t<span class=\"elementor-button-text\">Mehr zu  Breath &amp; Balance Sessions<\/span>\n\t\t\t\t\t<\/span>\n\t\t\t\t\t<\/a>\n\t\t\t\t\t\t\t\t<\/div>\n\t\t\t\t<\/div>\n\t\t\t\t<\/div>\n\t\t\t\t\t<\/div>\n\t\t\t\t<\/div>\n\t\t\t\t\t<\/div>\n\t\t\t\t<\/div>\n\t\t<div class=\"elementor-element elementor-element-2cfefa52 e-flex e-con-boxed e-con e-parent\" data-id=\"2cfefa52\" data-element_type=\"container\" data-settings=\"{&quot;background_background&quot;:&quot;classic&quot;}\">\n\t\t\t\t\t<div class=\"e-con-inner\">\n\t\t<div class=\"elementor-element elementor-element-3c527c6b e-grid e-con-boxed e-con e-child\" data-id=\"3c527c6b\" data-element_type=\"container\">\n\t\t\t\t\t<div class=\"e-con-inner\">\n\t\t<div class=\"elementor-element elementor-element-5d0134d0 e-con-full animated-fast e-flex elementor-invisible e-con e-child\" data-id=\"5d0134d0\" data-element_type=\"container\" data-settings=\"{&quot;animation&quot;:&quot;fadeIn&quot;,&quot;animation_delay&quot;:750}\">\n\t\t\t\t<div class=\"elementor-element elementor-element-4115c430 elementor-widget elementor-widget-heading\" data-id=\"4115c430\" data-element_type=\"widget\" data-widget_type=\"heading.default\">\n\t\t\t\t\t<h3 class=\"elementor-heading-title elementor-size-default\">12-Wochen-Programm<\/h3>\t\t\t\t<\/div>\n\t\t\t\t<div class=\"elementor-element elementor-element-2f418cef elementor-widget elementor-widget-heading\" data-id=\"2f418cef\" data-element_type=\"widget\" data-widget_type=\"heading.default\">\n\t\t\t\t\t<h1 class=\"elementor-heading-title elementor-size-default\">Breath &amp; Bloom \u2013 12 Wochen Selbstf\u00fchrung im Wandel<\/h1>\t\t\t\t<\/div>\n\t\t\t\t<div class=\"elementor-element elementor-element-40aa5472 elementor-widget elementor-widget-text-editor\" data-id=\"40aa5472\" data-element_type=\"widget\" data-widget_type=\"text-editor.default\">\n\t\t\t\t\t\t\t\t\t<p class=\"p1\"><span class=\"s1\"><b>Die Wechseljahre sind nicht das Ende von etwas \u2013 sie sind der Anfang einer tieferen Verbindung zu dir selbst.<\/b><br \/>Bei Breath &amp; Bloom begleite ich dich auf diesem Weg \u2013 mit Klarheit, Mitgef\u00fchl und Tiefe.<\/span><\/p><p class=\"p1\"><span class=\"s1\">Lass uns diesen Weg gemeinsam gehen \u2013 mit Herz, Atem und dem Mut, neu zu wachsen. <b>Together we grow.<\/b><\/span><\/p>\t\t\t\t\t\t\t\t<\/div>\n\t\t<div class=\"elementor-element elementor-element-780e1b26 e-con-full e-flex e-con e-child\" data-id=\"780e1b26\" data-element_type=\"container\">\n\t\t\t\t<div class=\"elementor-element elementor-element-7dcf22d elementor-align-center elementor-mobile-align-center elementor-widget__width-auto elementor-widget-mobile__width-inherit elementor-widget elementor-widget-button\" data-id=\"7dcf22d\" data-element_type=\"widget\" data-widget_type=\"button.default\">\n\t\t\t\t\t\t\t\t\t\t<a class=\"elementor-button elementor-button-link elementor-size-sm\" href=\"https:\/\/blooming.jessicaprautzsch.com\/fuer-privatpersonen\/breathwork-wechseljahre\/breath-bloom\/\">\n\t\t\t\t\t\t<span class=\"elementor-button-content-wrapper\">\n\t\t\t\t\t\t\t\t\t<span class=\"elementor-button-text\">Mehr zum Breath &amp; Bloom Programm<\/span>\n\t\t\t\t\t<\/span>\n\t\t\t\t\t<\/a>\n\t\t\t\t\t\t\t\t<\/div>\n\t\t\t\t<\/div>\n\t\t\t\t<\/div>\n\t\t<div class=\"elementor-element elementor-element-5bad2c14 e-con-full animated-fast e-flex elementor-invisible e-con e-child\" data-id=\"5bad2c14\" data-element_type=\"container\" data-settings=\"{&quot;animation&quot;:&quot;fadeIn&quot;,&quot;animation_delay&quot;:500}\">\n\t\t\t\t<div class=\"elementor-element elementor-element-7259f4c2 elementor-widget elementor-widget-image\" data-id=\"7259f4c2\" data-element_type=\"widget\" data-widget_type=\"image.default\">\n\t\t\t\t\t\t\t\t\t\t\t\t\t\t\t<img decoding=\"async\" src=\"https:\/\/blooming.jessicaprautzsch.com\/en\/wp-content\/uploads\/sites\/2\/elementor\/thumbs\/KBM-Workation25-219_websize-rbgq78ydwmml902mvirz3q7tozncxdzgdl4gq7pvgc.jpg\" title=\"KBM-Workation25-219_websize.jpg\" alt=\"KBM-Workation25-219_websize.jpg\" loading=\"lazy\" \/>\t\t\t\t\t\t\t\t\t\t\t\t\t\t\t<\/div>\n\t\t\t\t<\/div>\n\t\t\t\t\t<\/div>\n\t\t\t\t<\/div>\n\t\t\t\t\t<\/div>\n\t\t\t\t<\/div>\n\t\t<div class=\"elementor-element elementor-element-62b34252 e-con-full e-flex e-con e-parent\" data-id=\"62b34252\" data-element_type=\"container\" data-settings=\"{&quot;background_background&quot;:&quot;classic&quot;}\">\n\t\t\t\t<div class=\"elementor-element elementor-element-92ab93b elementor-pagination-type-bullets elementor-arrows-position-inside elementor-pagination-position-outside elementor-widget elementor-widget-n-carousel\" data-id=\"92ab93b\" data-element_type=\"widget\" data-settings=\"{&quot;carousel_items&quot;:[{&quot;slide_title&quot;:&quot;3&quot;,&quot;_id&quot;:&quot;37efa22&quot;},{&quot;slide_title&quot;:&quot;1&quot;,&quot;_id&quot;:&quot;b0b6a44&quot;},{&quot;slide_title&quot;:&quot;2&quot;,&quot;_id&quot;:&quot;8c4e8ea&quot;}],&quot;slides_to_show&quot;:&quot;1&quot;,&quot;slides_to_scroll&quot;:&quot;1&quot;,&quot;image_spacing_custom&quot;:{&quot;unit&quot;:&quot;px&quot;,&quot;size&quot;:30,&quot;sizes&quot;:[]},&quot;slides_to_show_tablet&quot;:&quot;1&quot;,&quot;image_spacing_custom_mobile&quot;:{&quot;unit&quot;:&quot;px&quot;,&quot;size&quot;:30,&quot;sizes&quot;:[]},&quot;slides_to_show_mobile&quot;:&quot;1&quot;,&quot;autoplay&quot;:&quot;yes&quot;,&quot;autoplay_speed&quot;:5000,&quot;pause_on_hover&quot;:&quot;yes&quot;,&quot;pause_on_interaction&quot;:&quot;yes&quot;,&quot;infinite&quot;:&quot;yes&quot;,&quot;speed&quot;:500,&quot;offset_sides&quot;:&quot;none&quot;,&quot;arrows&quot;:&quot;yes&quot;,&quot;pagination&quot;:&quot;bullets&quot;,&quot;image_spacing_custom_widescreen&quot;:{&quot;unit&quot;:&quot;px&quot;,&quot;size&quot;:&quot;&quot;,&quot;sizes&quot;:[]},&quot;image_spacing_custom_laptop&quot;:{&quot;unit&quot;:&quot;px&quot;,&quot;size&quot;:&quot;&quot;,&quot;sizes&quot;:[]},&quot;image_spacing_custom_tablet_extra&quot;:{&quot;unit&quot;:&quot;px&quot;,&quot;size&quot;:&quot;&quot;,&quot;sizes&quot;:[]},&quot;image_spacing_custom_tablet&quot;:{&quot;unit&quot;:&quot;px&quot;,&quot;size&quot;:&quot;&quot;,&quot;sizes&quot;:[]},&quot;image_spacing_custom_mobile_extra&quot;:{&quot;unit&quot;:&quot;px&quot;,&quot;size&quot;:&quot;&quot;,&quot;sizes&quot;:[]}}\" data-widget_type=\"nested-carousel.default\">\n\t\t\t\t\t\t\t<div class=\"e-n-carousel swiper\" role=\"region\" aria-roledescription=\"carousel\" aria-label=\"Karussell\" dir=\"ltr\">\n\t\t\t<div class=\"swiper-wrapper\" aria-live=\"off\">\n\t\t\t\t\t\t\t\t\t\t<div class=\"swiper-slide\" data-slide=\"1\" role=\"group\" aria-roledescription=\"slide\" aria-label=\"1 of 3\">\n\t\t\t\t\t\t\t<div class=\"elementor-element elementor-element-56bc5c66 e-flex e-con-boxed e-con e-child\" data-id=\"56bc5c66\" data-element_type=\"container\">\n\t\t\t\t\t<div class=\"e-con-inner\">\n\t\t<div class=\"elementor-element elementor-element-65405a4b e-con-full e-flex e-con e-child\" data-id=\"65405a4b\" data-element_type=\"container\" data-settings=\"{&quot;background_background&quot;:&quot;classic&quot;}\">\n\t\t\t\t<div class=\"elementor-element elementor-element-4b984a4f elementor-widget elementor-widget-image\" data-id=\"4b984a4f\" data-element_type=\"widget\" data-widget_type=\"image.default\">\n\t\t\t\t\t\t\t\t\t\t\t\t\t\t\t<img fetchpriority=\"high\" decoding=\"async\" width=\"1344\" height=\"896\" src=\"https:\/\/blooming.jessicaprautzsch.com\/en\/wp-content\/uploads\/sites\/2\/2025\/09\/silwyna._natural_testimonial_portrait_single_subject_only_front_339caeee-eb58-4d8d-8520-d78bf761df16.webp\" class=\"attachment-full size-full wp-image-43\" alt=\"\" srcset=\"https:\/\/blooming.jessicaprautzsch.com\/en\/wp-content\/uploads\/sites\/2\/2025\/09\/silwyna._natural_testimonial_portrait_single_subject_only_front_339caeee-eb58-4d8d-8520-d78bf761df16.webp 1344w, https:\/\/blooming.jessicaprautzsch.com\/en\/wp-content\/uploads\/sites\/2\/2025\/09\/silwyna._natural_testimonial_portrait_single_subject_only_front_339caeee-eb58-4d8d-8520-d78bf761df16-300x200.webp 300w, https:\/\/blooming.jessicaprautzsch.com\/en\/wp-content\/uploads\/sites\/2\/2025\/09\/silwyna._natural_testimonial_portrait_single_subject_only_front_339caeee-eb58-4d8d-8520-d78bf761df16-1024x683.webp 1024w, https:\/\/blooming.jessicaprautzsch.com\/en\/wp-content\/uploads\/sites\/2\/2025\/09\/silwyna._natural_testimonial_portrait_single_subject_only_front_339caeee-eb58-4d8d-8520-d78bf761df16-768x512.webp 768w\" sizes=\"(max-width: 1344px) 100vw, 1344px\" \/>\t\t\t\t\t\t\t\t\t\t\t\t\t\t\t<\/div>\n\t\t\t\t<div class=\"elementor-element elementor-element-76721317 elementor-widget elementor-widget-icon-box\" data-id=\"76721317\" data-element_type=\"widget\" data-widget_type=\"icon-box.default\">\n\t\t\t\t\t\t\t<div class=\"elementor-icon-box-wrapper\">\n\n\t\t\t\n\t\t\t\t\t\t<div class=\"elementor-icon-box-content\">\n\n\t\t\t\t\t\t\t\t\t<h3 class=\"elementor-icon-box-title\">\n\t\t\t\t\t\t<span  >\n\t\t\t\t\t\t\t\u201eDie Breathwork-Sessions geben mir sofortige Ruhe, das Coaching kl\u00e4rt tief sitzende Blockaden.\u201c\t\t\t\t\t\t<\/span>\n\t\t\t\t\t<\/h3>\n\t\t\t\t\n\t\t\t\t\t\t\t\t\t<p class=\"elementor-icon-box-description\">\n\t\t\t\t\t\tSabine, 54, Rechtsanw\u00e4ltin\t\t\t\t\t<\/p>\n\t\t\t\t\n\t\t\t<\/div>\n\t\t\t\n\t\t<\/div>\n\t\t\t\t\t\t<\/div>\n\t\t\t\t<\/div>\n\t\t\t\t\t<\/div>\n\t\t\t\t<\/div>\n\t\t\t\t\t\t\t\t<\/div>\n\t\t\t\t\t\t\t\t\t\t\t<div class=\"swiper-slide\" data-slide=\"2\" role=\"group\" aria-roledescription=\"slide\" aria-label=\"2 of 3\">\n\t\t\t\t\t\t\t<div class=\"elementor-element elementor-element-709c7bae e-flex e-con-boxed e-con e-child\" data-id=\"709c7bae\" data-element_type=\"container\">\n\t\t\t\t\t<div class=\"e-con-inner\">\n\t\t<div class=\"elementor-element elementor-element-3b6ecc37 e-con-full e-flex e-con e-child\" data-id=\"3b6ecc37\" data-element_type=\"container\" data-settings=\"{&quot;background_background&quot;:&quot;classic&quot;}\">\n\t\t\t\t<div class=\"elementor-element elementor-element-71bf1514 elementor-widget elementor-widget-image\" data-id=\"71bf1514\" data-element_type=\"widget\" data-widget_type=\"image.default\">\n\t\t\t\t\t\t\t\t\t\t\t\t\t\t\t<img decoding=\"async\" width=\"1344\" height=\"896\" src=\"https:\/\/blooming.jessicaprautzsch.com\/en\/wp-content\/uploads\/sites\/2\/2025\/09\/silwyna._natural_testimonial_portrait_single_subject_only_front_c6fcb5c6-49c6-4109-8ad0-7aca8e6cdc67.webp\" class=\"attachment-full size-full wp-image-44\" alt=\"\" srcset=\"https:\/\/blooming.jessicaprautzsch.com\/en\/wp-content\/uploads\/sites\/2\/2025\/09\/silwyna._natural_testimonial_portrait_single_subject_only_front_c6fcb5c6-49c6-4109-8ad0-7aca8e6cdc67.webp 1344w, https:\/\/blooming.jessicaprautzsch.com\/en\/wp-content\/uploads\/sites\/2\/2025\/09\/silwyna._natural_testimonial_portrait_single_subject_only_front_c6fcb5c6-49c6-4109-8ad0-7aca8e6cdc67-300x200.webp 300w, https:\/\/blooming.jessicaprautzsch.com\/en\/wp-content\/uploads\/sites\/2\/2025\/09\/silwyna._natural_testimonial_portrait_single_subject_only_front_c6fcb5c6-49c6-4109-8ad0-7aca8e6cdc67-1024x683.webp 1024w, https:\/\/blooming.jessicaprautzsch.com\/en\/wp-content\/uploads\/sites\/2\/2025\/09\/silwyna._natural_testimonial_portrait_single_subject_only_front_c6fcb5c6-49c6-4109-8ad0-7aca8e6cdc67-768x512.webp 768w\" sizes=\"(max-width: 1344px) 100vw, 1344px\" \/>\t\t\t\t\t\t\t\t\t\t\t\t\t\t\t<\/div>\n\t\t\t\t<div class=\"elementor-element elementor-element-4d9c8628 elementor-widget elementor-widget-icon-box\" data-id=\"4d9c8628\" data-element_type=\"widget\" data-widget_type=\"icon-box.default\">\n\t\t\t\t\t\t\t<div class=\"elementor-icon-box-wrapper\">\n\n\t\t\t\n\t\t\t\t\t\t<div class=\"elementor-icon-box-content\">\n\n\t\t\t\t\t\t\t\t\t<h3 class=\"elementor-icon-box-title\">\n\t\t\t\t\t\t<span  >\n\t\t\t\t\t\t\t\u201cA testimonial from a customer who loves your product. Testimonials are a great way to establish crediability.\u201d\t\t\t\t\t\t<\/span>\n\t\t\t\t\t<\/h3>\n\t\t\t\t\n\t\t\t\t\t\t\t\t\t<p class=\"elementor-icon-box-description\">\n\t\t\t\t\t\tvorname name, firma etc\t\t\t\t\t<\/p>\n\t\t\t\t\n\t\t\t<\/div>\n\t\t\t\n\t\t<\/div>\n\t\t\t\t\t\t<\/div>\n\t\t\t\t<\/div>\n\t\t\t\t\t<\/div>\n\t\t\t\t<\/div>\n\t\t\t\t\t\t\t\t<\/div>\n\t\t\t\t\t\t\t\t\t\t\t<div class=\"swiper-slide\" data-slide=\"3\" role=\"group\" aria-roledescription=\"slide\" aria-label=\"3 of 3\">\n\t\t\t\t\t\t\t<div class=\"elementor-element elementor-element-3cd7e716 e-flex e-con-boxed e-con e-child\" data-id=\"3cd7e716\" data-element_type=\"container\">\n\t\t\t\t\t<div class=\"e-con-inner\">\n\t\t<div class=\"elementor-element elementor-element-48cfa063 e-con-full e-flex e-con e-child\" data-id=\"48cfa063\" data-element_type=\"container\" data-settings=\"{&quot;background_background&quot;:&quot;classic&quot;}\">\n\t\t\t\t<div class=\"elementor-element elementor-element-1ee43359 elementor-widget elementor-widget-image\" data-id=\"1ee43359\" data-element_type=\"widget\" data-widget_type=\"image.default\">\n\t\t\t\t\t\t\t\t\t\t\t\t\t\t\t<img decoding=\"async\" width=\"1050\" height=\"700\" src=\"https:\/\/blooming.jessicaprautzsch.com\/en\/wp-content\/uploads\/sites\/2\/2025\/09\/silwyna._natural_testimonial_portrait_single_subject_only_front_c4bf3fdc-c922-43f3-8cef-7cfb2bf9fb94.webp\" class=\"attachment-full size-full wp-image-45\" alt=\"\" srcset=\"https:\/\/blooming.jessicaprautzsch.com\/en\/wp-content\/uploads\/sites\/2\/2025\/09\/silwyna._natural_testimonial_portrait_single_subject_only_front_c4bf3fdc-c922-43f3-8cef-7cfb2bf9fb94.webp 1050w, https:\/\/blooming.jessicaprautzsch.com\/en\/wp-content\/uploads\/sites\/2\/2025\/09\/silwyna._natural_testimonial_portrait_single_subject_only_front_c4bf3fdc-c922-43f3-8cef-7cfb2bf9fb94-300x200.webp 300w, https:\/\/blooming.jessicaprautzsch.com\/en\/wp-content\/uploads\/sites\/2\/2025\/09\/silwyna._natural_testimonial_portrait_single_subject_only_front_c4bf3fdc-c922-43f3-8cef-7cfb2bf9fb94-1024x683.webp 1024w, https:\/\/blooming.jessicaprautzsch.com\/en\/wp-content\/uploads\/sites\/2\/2025\/09\/silwyna._natural_testimonial_portrait_single_subject_only_front_c4bf3fdc-c922-43f3-8cef-7cfb2bf9fb94-768x512.webp 768w\" sizes=\"(max-width: 1050px) 100vw, 1050px\" \/>\t\t\t\t\t\t\t\t\t\t\t\t\t\t\t<\/div>\n\t\t\t\t<div class=\"elementor-element elementor-element-1e069c1d elementor-widget elementor-widget-icon-box\" data-id=\"1e069c1d\" data-element_type=\"widget\" data-widget_type=\"icon-box.default\">\n\t\t\t\t\t\t\t<div class=\"elementor-icon-box-wrapper\">\n\n\t\t\t\n\t\t\t\t\t\t<div class=\"elementor-icon-box-content\">\n\n\t\t\t\t\t\t\t\t\t<h3 class=\"elementor-icon-box-title\">\n\t\t\t\t\t\t<span  >\n\t\t\t\t\t\t\t\u201cA testimonial from a customer who loves your product. Testimonials are a great way to establish crediability.\u201d\t\t\t\t\t\t<\/span>\n\t\t\t\t\t<\/h3>\n\t\t\t\t\n\t\t\t\t\t\t\t\t\t<p class=\"elementor-icon-box-description\">\n\t\t\t\t\t\tvorname name, firma etc\t\t\t\t\t<\/p>\n\t\t\t\t\n\t\t\t<\/div>\n\t\t\t\n\t\t<\/div>\n\t\t\t\t\t\t<\/div>\n\t\t\t\t<\/div>\n\t\t\t\t\t<\/div>\n\t\t\t\t<\/div>\n\t\t\t\t\t\t\t\t<\/div>\n\t\t\t\t\t\t\t\t<\/div>\n\t\t<\/div>\n\t\t\t\t\t<div class=\"elementor-swiper-button elementor-swiper-button-prev\" role=\"button\" tabindex=\"0\" aria-label=\"Previous\">\n\t\t\t\t<svg aria-hidden=\"true\" class=\"e-font-icon-svg e-eicon-chevron-left\" viewBox=\"0 0 1000 1000\" xmlns=\"http:\/\/www.w3.org\/2000\/svg\"><path d=\"M646 125C629 125 613 133 604 142L308 442C296 454 292 471 292 487 292 504 296 521 308 533L604 854C617 867 629 875 646 875 663 875 679 871 692 858 704 846 713 829 713 812 713 796 708 779 692 767L438 487 692 225C700 217 708 204 708 187 708 171 704 154 692 142 675 129 663 125 646 125Z\"><\/path><\/svg>\t\t\t<\/div>\n\t\t\t<div class=\"elementor-swiper-button elementor-swiper-button-next\" role=\"button\" tabindex=\"0\" aria-label=\"Next\">\n\t\t\t\t<svg aria-hidden=\"true\" class=\"e-font-icon-svg e-eicon-chevron-right\" viewBox=\"0 0 1000 1000\" xmlns=\"http:\/\/www.w3.org\/2000\/svg\"><path d=\"M696 533C708 521 713 504 713 487 713 471 708 454 696 446L400 146C388 133 375 125 354 125 338 125 325 129 313 142 300 154 292 171 292 187 292 204 296 221 308 233L563 492 304 771C292 783 288 800 288 817 288 833 296 850 308 863 321 871 338 875 354 875 371 875 388 867 400 854L696 533Z\"><\/path><\/svg>\t\t\t<\/div>\n\t\t\t\t\t<div class=\"swiper-pagination\"><\/div>\n\t\t\t\t\t\t<\/div>\n\t\t\t\t<\/div>\n\t\t\t\t<\/div>\n\t\t","protected":false},"excerpt":{"rendered":"<p>Blooming Souls Dein Raum f\u00fcr Wandel in den Wechseljahren Was, wenn die Wechseljahre keine Krise sind \u2013 sondern eine Einladung zur Neuausrichtung? Ein Ort f\u00fcr Frauen, die sp\u00fcren: Es will sich etwas ver\u00e4ndern.\u2028Heilung in den Wechseljahren braucht Verbindung: mit dir selbst, deinem Atem, deinem K\u00f6rper. Gerade jetzt ist es so wichtig, dich nicht allein zu [&hellip;]<\/p>\n","protected":false},"author":1,"featured_media":0,"parent":0,"menu_order":0,"comment_status":"closed","ping_status":"closed","template":"","meta":{"footnotes":""},"class_list":["post-155","page","type-page","status-publish","hentry"],"_links":{"self":[{"href":"https:\/\/blooming.jessicaprautzsch.com\/en\/wp-json\/wp\/v2\/pages\/155","targetHints":{"allow":["GET"]}}],"collection":[{"href":"https:\/\/blooming.jessicaprautzsch.com\/en\/wp-json\/wp\/v2\/pages"}],"about":[{"href":"https:\/\/blooming.jessicaprautzsch.com\/en\/wp-json\/wp\/v2\/types\/page"}],"author":[{"embeddable":true,"href":"https:\/\/blooming.jessicaprautzsch.com\/en\/wp-json\/wp\/v2\/users\/1"}],"replies":[{"embeddable":true,"href":"https:\/\/blooming.jessicaprautzsch.com\/en\/wp-json\/wp\/v2\/comments?post=155"}],"version-history":[{"count":5,"href":"https:\/\/blooming.jessicaprautzsch.com\/en\/wp-json\/wp\/v2\/pages\/155\/revisions"}],"predecessor-version":[{"id":266,"href":"https:\/\/blooming.jessicaprautzsch.com\/en\/wp-json\/wp\/v2\/pages\/155\/revisions\/266"}],"wp:attachment":[{"href":"https:\/\/blooming.jessicaprautzsch.com\/en\/wp-json\/wp\/v2\/media?parent=155"}],"curies":[{"name":"wp","href":"https:\/\/api.w.org\/{rel}","templated":true}]}}